{"id":3094,"date":"2021-04-19T16:15:44","date_gmt":"2021-04-19T14:15:44","guid":{"rendered":"https:\/\/lafermedecamille.com\/?page_id=3094"},"modified":"2023-11-29T09:13:33","modified_gmt":"2023-11-29T08:13:33","slug":"rencontres-abeilles","status":"publish","type":"page","link":"https:\/\/lafermedecamille.com\/?page_id=3094","title":{"rendered":"RENCONTRES ABEILLES"},"content":{"rendered":"\t\t<div data-elementor-type=\"wp-page\" data-elementor-id=\"3094\" class=\"elementor elementor-3094\" data-elementor-settings=\"[]\">\n\t\t\t\t\t\t\t<div class=\"elementor-section-wrap\">\n\t\t\t\t\t\t\t<section class=\"elementor-section elementor-top-section elementor-element elementor-element-71242e2 elementor-section-boxed elementor-section-height-default elementor-section-height-default qodef-elementor-content-no qodef-bees-holder-no qodef-section-backgrounds-animation-no\" data-id=\"71242e2\" data-element_type=\"section\">\n\t\t\t\t\t\t<div class=\"elementor-container elementor-column-gap-default\">\n\t\t\t\t\t<div class=\"elementor-column elementor-col-100 elementor-top-column elementor-element elementor-element-5cb18b4\" data-id=\"5cb18b4\" data-element_type=\"column\">\n\t\t\t<div class=\"elementor-widget-wrap elementor-element-populated\">\n\t\t\t\t\t\t\t\t<div class=\"elementor-element elementor-element-214ee01 elementor-widget elementor-widget-heading\" data-id=\"214ee01\" data-element_type=\"widget\" data-widget_type=\"heading.default\">\n\t\t\t\t<div class=\"elementor-widget-container\">\n\t\t\t<h2 class=\"elementor-heading-title elementor-size-default\">Les Journ\u00e9es api'family<\/h2>\t\t<\/div>\n\t\t\t\t<\/div>\n\t\t\t\t\t<\/div>\n\t\t<\/div>\n\t\t\t\t\t\t\t<\/div>\n\t\t<\/section>\n\t\t\t\t<section class=\"elementor-section elementor-top-section elementor-element elementor-element-875c99e elementor-section-boxed elementor-section-height-default elementor-section-height-default qodef-elementor-content-no qodef-bees-holder-no qodef-section-backgrounds-animation-no\" data-id=\"875c99e\" data-element_type=\"section\">\n\t\t\t\t\t\t<div class=\"elementor-container elementor-column-gap-default\">\n\t\t\t\t\t<div class=\"elementor-column elementor-col-100 elementor-top-column elementor-element elementor-element-b8518ed\" data-id=\"b8518ed\" data-element_type=\"column\">\n\t\t\t<div class=\"elementor-widget-wrap elementor-element-populated\">\n\t\t\t\t\t\t\t\t<div class=\"elementor-element elementor-element-317f621 elementor-widget elementor-widget-text-editor\" data-id=\"317f621\" data-element_type=\"widget\" data-widget_type=\"text-editor.default\">\n\t\t\t\t<div class=\"elementor-widget-container\">\n\t\t\t\t\t<div class=\"elementor-text-editor elementor-clearfix\"><h4>Venez d\u00e9couvrir le monde des abeilles en famille pendant 1h30 de visite \u00e0 partir de 4 ans.<\/h4><\/div>\n\t\t\t\t<\/div>\n\t\t\t\t<\/div>\n\t\t\t\t\t<\/div>\n\t\t<\/div>\n\t\t\t\t\t\t\t<\/div>\n\t\t<\/section>\n\t\t\t\t<section class=\"elementor-section elementor-top-section elementor-element elementor-element-bd00360 elementor-section-boxed elementor-section-height-default elementor-section-height-default qodef-elementor-content-no qodef-bees-holder-no qodef-section-backgrounds-animation-no\" data-id=\"bd00360\" data-element_type=\"section\">\n\t\t\t\t\t\t<div class=\"elementor-container elementor-column-gap-default\">\n\t\t\t\t\t<div class=\"elementor-column elementor-col-33 elementor-top-column elementor-element elementor-element-e92213b\" data-id=\"e92213b\" data-element_type=\"column\">\n\t\t\t<div class=\"elementor-widget-wrap elementor-element-populated\">\n\t\t\t\t\t\t\t\t<div class=\"elementor-element elementor-element-6a2603c elementor-widget elementor-widget-text-editor\" data-id=\"6a2603c\" data-element_type=\"widget\" data-widget_type=\"text-editor.default\">\n\t\t\t\t<div class=\"elementor-widget-container\">\n\t\t\t\t\t<div class=\"elementor-text-editor elementor-clearfix\"><pre>Explications ludique sur la vie des abeilles<\/pre><\/div>\n\t\t\t\t<\/div>\n\t\t\t\t<\/div>\n\t\t\t\t\t<\/div>\n\t\t<\/div>\n\t\t\t\t<div class=\"elementor-column elementor-col-33 elementor-top-column elementor-element elementor-element-157f1c8\" data-id=\"157f1c8\" data-element_type=\"column\">\n\t\t\t<div class=\"elementor-widget-wrap elementor-element-populated\">\n\t\t\t\t\t\t\t\t<div class=\"elementor-element elementor-element-2389f9a elementor-widget elementor-widget-text-editor\" data-id=\"2389f9a\" data-element_type=\"widget\" data-widget_type=\"text-editor.default\">\n\t\t\t\t<div class=\"elementor-widget-container\">\n\t\t\t\t\t<div class=\"elementor-text-editor elementor-clearfix\"><pre>Visite de la miellerie et de la partie extraction du miel<\/pre><\/div>\n\t\t\t\t<\/div>\n\t\t\t\t<\/div>\n\t\t\t\t\t<\/div>\n\t\t<\/div>\n\t\t\t\t<div class=\"elementor-column elementor-col-33 elementor-top-column elementor-element elementor-element-9da7dcc\" data-id=\"9da7dcc\" data-element_type=\"column\">\n\t\t\t<div class=\"elementor-widget-wrap elementor-element-populated\">\n\t\t\t\t\t\t\t\t<div class=\"elementor-element elementor-element-8ba1978 elementor-widget elementor-widget-text-editor\" data-id=\"8ba1978\" data-element_type=\"widget\" data-widget_type=\"text-editor.default\">\n\t\t\t\t<div class=\"elementor-widget-container\">\n\t\t\t\t\t<div class=\"elementor-text-editor elementor-clearfix\"><pre>Visite d'une ruche en combinaison d'apiculture et rencontre avec les abeilles<\/pre><\/div>\n\t\t\t\t<\/div>\n\t\t\t\t<\/div>\n\t\t\t\t\t<\/div>\n\t\t<\/div>\n\t\t\t\t\t\t\t<\/div>\n\t\t<\/section>\n\t\t\t\t<section class=\"elementor-section elementor-top-section elementor-element elementor-element-a362da1 elementor-section-boxed elementor-section-height-default elementor-section-height-default qodef-elementor-content-no qodef-bees-holder-no qodef-section-backgrounds-animation-no\" data-id=\"a362da1\" data-element_type=\"section\">\n\t\t\t\t\t\t<div class=\"elementor-container elementor-column-gap-default\">\n\t\t\t\t\t<div class=\"elementor-column elementor-col-33 elementor-top-column elementor-element elementor-element-86bddd5\" data-id=\"86bddd5\" data-element_type=\"column\">\n\t\t\t<div class=\"elementor-widget-wrap elementor-element-populated\">\n\t\t\t\t\t\t\t\t<div class=\"elementor-element elementor-element-a864063 elementor-widget elementor-widget-image\" data-id=\"a864063\" data-element_type=\"widget\" data-widget_type=\"image.default\">\n\t\t\t\t<div class=\"elementor-widget-container\">\n\t\t\t\t\t<div class=\"elementor-image\">\n\t\t\t\t\t\t\t\t\t\t<img width=\"1024\" height=\"570\" src=\"https:\/\/lafermedecamille.com\/wp-content\/uploads\/2023\/05\/DSCF4669-1024x570.jpg\" class=\"attachment-large size-large\" alt=\"\" loading=\"lazy\" srcset=\"https:\/\/lafermedecamille.com\/wp-content\/uploads\/2023\/05\/DSCF4669-1024x570.jpg 1024w, https:\/\/lafermedecamille.com\/wp-content\/uploads\/2023\/05\/DSCF4669-300x167.jpg 300w, https:\/\/lafermedecamille.com\/wp-content\/uploads\/2023\/05\/DSCF4669-768x427.jpg 768w, https:\/\/lafermedecamille.com\/wp-content\/uploads\/2023\/05\/DSCF4669-1536x855.jpg 1536w, https:\/\/lafermedecamille.com\/wp-content\/uploads\/2023\/05\/DSCF4669-2048x1140.jpg 2048w, https:\/\/lafermedecamille.com\/wp-content\/uploads\/2023\/05\/DSCF4669-600x334.jpg 600w\" sizes=\"(max-width: 1024px) 100vw, 1024px\" \/>\t\t\t\t\t\t\t\t\t\t\t<\/div>\n\t\t\t\t<\/div>\n\t\t\t\t<\/div>\n\t\t\t\t\t<\/div>\n\t\t<\/div>\n\t\t\t\t<div class=\"elementor-column elementor-col-33 elementor-top-column elementor-element elementor-element-6a33ac5\" data-id=\"6a33ac5\" data-element_type=\"column\">\n\t\t\t<div class=\"elementor-widget-wrap elementor-element-populated\">\n\t\t\t\t\t\t\t\t<div class=\"elementor-element elementor-element-775e47a elementor-widget elementor-widget-image\" data-id=\"775e47a\" data-element_type=\"widget\" data-widget_type=\"image.default\">\n\t\t\t\t<div class=\"elementor-widget-container\">\n\t\t\t\t\t<div class=\"elementor-image\">\n\t\t\t\t\t\t\t\t\t\t<img width=\"1024\" height=\"624\" src=\"https:\/\/lafermedecamille.com\/wp-content\/uploads\/2023\/05\/DSCF4702-1024x624.jpg\" class=\"attachment-large size-large\" alt=\"\" loading=\"lazy\" srcset=\"https:\/\/lafermedecamille.com\/wp-content\/uploads\/2023\/05\/DSCF4702-1024x624.jpg 1024w, https:\/\/lafermedecamille.com\/wp-content\/uploads\/2023\/05\/DSCF4702-300x183.jpg 300w, https:\/\/lafermedecamille.com\/wp-content\/uploads\/2023\/05\/DSCF4702-768x468.jpg 768w, https:\/\/lafermedecamille.com\/wp-content\/uploads\/2023\/05\/DSCF4702-1536x937.jpg 1536w, https:\/\/lafermedecamille.com\/wp-content\/uploads\/2023\/05\/DSCF4702-2048x1249.jpg 2048w, https:\/\/lafermedecamille.com\/wp-content\/uploads\/2023\/05\/DSCF4702-600x366.jpg 600w\" sizes=\"(max-width: 1024px) 100vw, 1024px\" \/>\t\t\t\t\t\t\t\t\t\t\t<\/div>\n\t\t\t\t<\/div>\n\t\t\t\t<\/div>\n\t\t\t\t\t<\/div>\n\t\t<\/div>\n\t\t\t\t<div class=\"elementor-column elementor-col-33 elementor-top-column elementor-element elementor-element-da006f2\" data-id=\"da006f2\" data-element_type=\"column\">\n\t\t\t<div class=\"elementor-widget-wrap elementor-element-populated\">\n\t\t\t\t\t\t\t\t<div class=\"elementor-element elementor-element-af92ece elementor-widget elementor-widget-image\" data-id=\"af92ece\" data-element_type=\"widget\" data-widget_type=\"image.default\">\n\t\t\t\t<div class=\"elementor-widget-container\">\n\t\t\t\t\t<div class=\"elementor-image\">\n\t\t\t\t\t\t\t\t\t\t<img width=\"1024\" height=\"682\" src=\"https:\/\/lafermedecamille.com\/wp-content\/uploads\/2023\/05\/DSCF4744-1024x682.jpg\" class=\"attachment-large size-large\" alt=\"\" loading=\"lazy\" srcset=\"https:\/\/lafermedecamille.com\/wp-content\/uploads\/2023\/05\/DSCF4744-1024x682.jpg 1024w, https:\/\/lafermedecamille.com\/wp-content\/uploads\/2023\/05\/DSCF4744-300x200.jpg 300w, https:\/\/lafermedecamille.com\/wp-content\/uploads\/2023\/05\/DSCF4744-768x511.jpg 768w, https:\/\/lafermedecamille.com\/wp-content\/uploads\/2023\/05\/DSCF4744-1536x1023.jpg 1536w, https:\/\/lafermedecamille.com\/wp-content\/uploads\/2023\/05\/DSCF4744-2048x1364.jpg 2048w, https:\/\/lafermedecamille.com\/wp-content\/uploads\/2023\/05\/DSCF4744-600x400.jpg 600w\" sizes=\"(max-width: 1024px) 100vw, 1024px\" \/>\t\t\t\t\t\t\t\t\t\t\t<\/div>\n\t\t\t\t<\/div>\n\t\t\t\t<\/div>\n\t\t\t\t\t<\/div>\n\t\t<\/div>\n\t\t\t\t\t\t\t<\/div>\n\t\t<\/section>\n\t\t\t\t<section class=\"elementor-section elementor-top-section elementor-element elementor-element-c9a3aea elementor-section-boxed elementor-section-height-default elementor-section-height-default qodef-elementor-content-no qodef-bees-holder-no qodef-section-backgrounds-animation-no\" data-id=\"c9a3aea\" data-element_type=\"section\">\n\t\t\t\t\t\t<div class=\"elementor-container elementor-column-gap-default\">\n\t\t\t\t\t<div class=\"elementor-column elementor-col-100 elementor-top-column elementor-element elementor-element-f57fdbe\" data-id=\"f57fdbe\" data-element_type=\"column\">\n\t\t\t<div class=\"elementor-widget-wrap elementor-element-populated\">\n\t\t\t\t\t\t\t\t<div class=\"elementor-element elementor-element-cdc24d3 elementor-widget elementor-widget-text-editor\" data-id=\"cdc24d3\" data-element_type=\"widget\" data-widget_type=\"text-editor.default\">\n\t\t\t\t<div class=\"elementor-widget-container\">\n\t\t\t\t\t<div class=\"elementor-text-editor elementor-clearfix\"><h4>Dates disponible en 2023 :<\/h4><h6>R\u00e9servation obligation au 07 77 07 88 56 ou par mail : contact@lafermedecamille.com<\/h6><p><strong>&#8211; OUVERTURE DES DATES 2024 : \u00e0 partir de mai<\/strong><\/p><p>(Nombre de place limit\u00e9 \u00e0 10 participants \/ Visite des ruches annul\u00e9 si mauvais temps remplac\u00e9 par atelier bougie en cire)<\/p><\/div>\n\t\t\t\t<\/div>\n\t\t\t\t<\/div>\n\t\t\t\t\t<\/div>\n\t\t<\/div>\n\t\t\t\t\t\t\t<\/div>\n\t\t<\/section>\n\t\t\t\t<section class=\"elementor-section elementor-top-section elementor-element elementor-element-0f839aa elementor-section-boxed elementor-section-height-default elementor-section-height-default qodef-elementor-content-no qodef-bees-holder-no qodef-section-backgrounds-animation-no\" data-id=\"0f839aa\" data-element_type=\"section\">\n\t\t\t\t\t\t<div class=\"elementor-container elementor-column-gap-default\">\n\t\t\t\t\t<div class=\"elementor-column elementor-col-100 elementor-top-column elementor-element elementor-element-8f7a0f7\" data-id=\"8f7a0f7\" data-element_type=\"column\">\n\t\t\t<div class=\"elementor-widget-wrap elementor-element-populated\">\n\t\t\t\t\t\t\t\t<div class=\"elementor-element elementor-element-9e4b983 elementor-widget elementor-widget-text-editor\" data-id=\"9e4b983\" data-element_type=\"widget\" data-widget_type=\"text-editor.default\">\n\t\t\t\t<div class=\"elementor-widget-container\">\n\t\t\t\t\t<div class=\"elementor-text-editor elementor-clearfix\"><h5><strong>Tarif : 10 \u20ac par personne\u00a0<\/strong><br \/><strong>(\u00e0 partir de 3 personnes 5 \u20ac la personne suppl\u00e9mentaire)<\/strong><\/h5><\/div>\n\t\t\t\t<\/div>\n\t\t\t\t<\/div>\n\t\t\t\t\t<\/div>\n\t\t<\/div>\n\t\t\t\t\t\t\t<\/div>\n\t\t<\/section>\n\t\t\t\t<section class=\"elementor-section elementor-top-section elementor-element elementor-element-8d23216 elementor-section-boxed elementor-section-height-default elementor-section-height-default qodef-elementor-content-no qodef-bees-holder-no qodef-section-backgrounds-animation-no\" data-id=\"8d23216\" data-element_type=\"section\">\n\t\t\t\t\t\t<div class=\"elementor-container elementor-column-gap-default\">\n\t\t\t\t\t<div class=\"elementor-column elementor-col-100 elementor-top-column elementor-element elementor-element-670ec17\" data-id=\"670ec17\" data-element_type=\"column\">\n\t\t\t<div class=\"elementor-widget-wrap elementor-element-populated\">\n\t\t\t\t\t\t\t\t<div class=\"elementor-element elementor-element-fa359a2 elementor-widget-divider--separator-type-pattern elementor-widget-divider--view-line elementor-widget elementor-widget-divider\" data-id=\"fa359a2\" data-element_type=\"widget\" data-widget_type=\"divider.default\">\n\t\t\t\t<div class=\"elementor-widget-container\">\n\t\t\t\t\t<div class=\"elementor-divider\" style=\"--divider-pattern-url: url(&quot;data:image\/svg+xml,%3Csvg xmlns=&#039;http:\/\/www.w3.org\/2000\/svg&#039; preserveAspectRatio=&#039;none&#039; overflow=&#039;visible&#039; height=&#039;100%&#039; viewBox=&#039;0 0 24 24&#039; fill=&#039;black&#039; stroke=&#039;none&#039;%3E%3Cpath d=&#039;M12.7,2.3c-0.4-0.4-1.1-0.4-1.5,0l-8,9.1c-0.3,0.4-0.3,0.9,0,1.2l8,9.1c0.4,0.4,1.1,0.4,1.5,0l8-9.1c0.3-0.4,0.3-0.9,0-1.2L12.7,2.3z&#039;\/%3E%3C\/svg%3E&quot;);\">\n\t\t\t<span class=\"elementor-divider-separator\">\n\t\t\t\t\t\t<\/span>\n\t\t<\/div>\n\t\t\t\t<\/div>\n\t\t\t\t<\/div>\n\t\t\t\t\t<\/div>\n\t\t<\/div>\n\t\t\t\t\t\t\t<\/div>\n\t\t<\/section>\n\t\t\t\t<section class=\"elementor-section elementor-top-section elementor-element elementor-element-68ab338 elementor-section-boxed elementor-section-height-default elementor-section-height-default qodef-elementor-content-no qodef-bees-holder-no qodef-section-backgrounds-animation-no\" data-id=\"68ab338\" data-element_type=\"section\">\n\t\t\t\t\t\t<div class=\"elementor-container elementor-column-gap-default\">\n\t\t\t\t\t<div class=\"elementor-column elementor-col-100 elementor-top-column elementor-element elementor-element-6d52a08\" data-id=\"6d52a08\" data-element_type=\"column\">\n\t\t\t<div class=\"elementor-widget-wrap elementor-element-populated\">\n\t\t\t\t\t\t\t\t<div class=\"elementor-element elementor-element-514752a elementor-widget elementor-widget-heading\" data-id=\"514752a\" data-element_type=\"widget\" data-widget_type=\"heading.default\">\n\t\t\t\t<div class=\"elementor-widget-container\">\n\t\t\t<h2 class=\"elementor-heading-title elementor-size-default\">D\u00e9couverte Adulte<\/h2>\t\t<\/div>\n\t\t\t\t<\/div>\n\t\t\t\t\t<\/div>\n\t\t<\/div>\n\t\t\t\t\t\t\t<\/div>\n\t\t<\/section>\n\t\t\t\t<section class=\"elementor-section elementor-top-section elementor-element elementor-element-b20f085 elementor-section-boxed elementor-section-height-default elementor-section-height-default qodef-elementor-content-no qodef-bees-holder-no qodef-section-backgrounds-animation-no\" data-id=\"b20f085\" data-element_type=\"section\">\n\t\t\t\t\t\t<div class=\"elementor-container elementor-column-gap-default\">\n\t\t\t\t\t<div class=\"elementor-column elementor-col-100 elementor-top-column elementor-element elementor-element-5201d63\" data-id=\"5201d63\" data-element_type=\"column\">\n\t\t\t<div class=\"elementor-widget-wrap elementor-element-populated\">\n\t\t\t\t\t\t\t\t<div class=\"elementor-element elementor-element-6ea5771 elementor-widget elementor-widget-text-editor\" data-id=\"6ea5771\" data-element_type=\"widget\" data-widget_type=\"text-editor.default\">\n\t\t\t\t<div class=\"elementor-widget-container\">\n\t\t\t\t\t<div class=\"elementor-text-editor elementor-clearfix\"><h4>Initiez-vous au travail de l&#8217;apiculure en d\u00e9couvrant le fonctionnement des abeilles et de la ruche. <br \/>3h d&#8217;initiation \u00e0 partir de 10 ans<\/h4><\/div>\n\t\t\t\t<\/div>\n\t\t\t\t<\/div>\n\t\t\t\t\t<\/div>\n\t\t<\/div>\n\t\t\t\t\t\t\t<\/div>\n\t\t<\/section>\n\t\t\t\t<section class=\"elementor-section elementor-top-section elementor-element elementor-element-685df0a elementor-section-boxed elementor-section-height-default elementor-section-height-default qodef-elementor-content-no qodef-bees-holder-no qodef-section-backgrounds-animation-no\" data-id=\"685df0a\" data-element_type=\"section\">\n\t\t\t\t\t\t<div class=\"elementor-container elementor-column-gap-default\">\n\t\t\t\t\t<div class=\"elementor-column elementor-col-100 elementor-top-column elementor-element elementor-element-6dc518d\" data-id=\"6dc518d\" data-element_type=\"column\">\n\t\t\t<div class=\"elementor-widget-wrap elementor-element-populated\">\n\t\t\t\t\t\t\t\t<div class=\"elementor-element elementor-element-2bd8305 elementor-widget elementor-widget-text-editor\" data-id=\"2bd8305\" data-element_type=\"widget\" data-widget_type=\"text-editor.default\">\n\t\t\t\t<div class=\"elementor-widget-container\">\n\t\t\t\t\t<div class=\"elementor-text-editor elementor-clearfix\"><pre>A partir d'avril jusqu'\u00e0 septembre et maximum 5 personnes par cr\u00e9neau<\/pre>\n<pre>Pour plus d'info et pour les inscriptions c'est par <strong><a href=\"https:\/\/wecandoo.fr\/atelier\/initiation-apiculture-ferme-colombet\">ICI<\/a><\/strong><\/pre>\n<p>\u00a0<\/p><\/div>\n\t\t\t\t<\/div>\n\t\t\t\t<\/div>\n\t\t\t\t\t<\/div>\n\t\t<\/div>\n\t\t\t\t\t\t\t<\/div>\n\t\t<\/section>\n\t\t\t\t<section class=\"elementor-section elementor-top-section elementor-element elementor-element-e208caf elementor-section-boxed elementor-section-height-default elementor-section-height-default qodef-elementor-content-no qodef-bees-holder-no qodef-section-backgrounds-animation-no\" data-id=\"e208caf\" data-element_type=\"section\">\n\t\t\t\t\t\t<div class=\"elementor-container elementor-column-gap-default\">\n\t\t\t\t\t<div class=\"elementor-column elementor-col-50 elementor-top-column elementor-element elementor-element-c7761ff\" data-id=\"c7761ff\" data-element_type=\"column\">\n\t\t\t<div class=\"elementor-widget-wrap elementor-element-populated\">\n\t\t\t\t\t\t\t\t<div class=\"elementor-element elementor-element-5a736a2 elementor-widget elementor-widget-image\" data-id=\"5a736a2\" data-element_type=\"widget\" data-widget_type=\"image.default\">\n\t\t\t\t<div class=\"elementor-widget-container\">\n\t\t\t\t\t<div class=\"elementor-image\">\n\t\t\t\t\t\t\t\t\t\t<img width=\"1024\" height=\"683\" src=\"https:\/\/lafermedecamille.com\/wp-content\/uploads\/2023\/05\/3Z5A9861-1024x683.jpg\" class=\"attachment-large size-large\" alt=\"\" loading=\"lazy\" srcset=\"https:\/\/lafermedecamille.com\/wp-content\/uploads\/2023\/05\/3Z5A9861-1024x683.jpg 1024w, https:\/\/lafermedecamille.com\/wp-content\/uploads\/2023\/05\/3Z5A9861-300x200.jpg 300w, https:\/\/lafermedecamille.com\/wp-content\/uploads\/2023\/05\/3Z5A9861-768x512.jpg 768w, https:\/\/lafermedecamille.com\/wp-content\/uploads\/2023\/05\/3Z5A9861-1536x1024.jpg 1536w, https:\/\/lafermedecamille.com\/wp-content\/uploads\/2023\/05\/3Z5A9861-2048x1365.jpg 2048w, https:\/\/lafermedecamille.com\/wp-content\/uploads\/2023\/05\/3Z5A9861-600x400.jpg 600w\" sizes=\"(max-width: 1024px) 100vw, 1024px\" \/>\t\t\t\t\t\t\t\t\t\t\t<\/div>\n\t\t\t\t<\/div>\n\t\t\t\t<\/div>\n\t\t\t\t\t<\/div>\n\t\t<\/div>\n\t\t\t\t<div class=\"elementor-column elementor-col-50 elementor-top-column elementor-element elementor-element-8c1edb5\" data-id=\"8c1edb5\" data-element_type=\"column\">\n\t\t\t<div class=\"elementor-widget-wrap elementor-element-populated\">\n\t\t\t\t\t\t\t\t<div class=\"elementor-element elementor-element-a956f4f elementor-widget elementor-widget-image\" data-id=\"a956f4f\" data-element_type=\"widget\" data-widget_type=\"image.default\">\n\t\t\t\t<div class=\"elementor-widget-container\">\n\t\t\t\t\t<div class=\"elementor-image\">\n\t\t\t\t\t\t\t\t\t\t<img width=\"1024\" height=\"683\" src=\"https:\/\/lafermedecamille.com\/wp-content\/uploads\/2023\/05\/3Z5A9897-1024x683.jpg\" class=\"attachment-large size-large\" alt=\"\" loading=\"lazy\" srcset=\"https:\/\/lafermedecamille.com\/wp-content\/uploads\/2023\/05\/3Z5A9897-1024x683.jpg 1024w, https:\/\/lafermedecamille.com\/wp-content\/uploads\/2023\/05\/3Z5A9897-300x200.jpg 300w, https:\/\/lafermedecamille.com\/wp-content\/uploads\/2023\/05\/3Z5A9897-768x512.jpg 768w, https:\/\/lafermedecamille.com\/wp-content\/uploads\/2023\/05\/3Z5A9897-1536x1024.jpg 1536w, https:\/\/lafermedecamille.com\/wp-content\/uploads\/2023\/05\/3Z5A9897-2048x1365.jpg 2048w, https:\/\/lafermedecamille.com\/wp-content\/uploads\/2023\/05\/3Z5A9897-600x400.jpg 600w\" sizes=\"(max-width: 1024px) 100vw, 1024px\" \/>\t\t\t\t\t\t\t\t\t\t\t<\/div>\n\t\t\t\t<\/div>\n\t\t\t\t<\/div>\n\t\t\t\t\t<\/div>\n\t\t<\/div>\n\t\t\t\t\t\t\t<\/div>\n\t\t<\/section>\n\t\t\t\t\t\t<\/div>\n\t\t\t\t\t<\/div>\n\t\t","protected":false},"excerpt":{"rendered":"<p>Les Journ\u00e9es api&#8217;family Venez d\u00e9couvrir le monde des abeilles en famille pendant 1h30 de visite \u00e0 partir de 4 ans. Explications ludique sur la vie des abeilles Visite de la miellerie et de la partie extraction du miel Visite d&#8217;une ruche en combinaison d&#8217;apiculture et rencontre avec les abeilles Dates disponible en 2023 : R\u00e9servation [&hellip;]<\/p>\n","protected":false},"author":1,"featured_media":0,"parent":0,"menu_order":0,"comment_status":"closed","ping_status":"closed","template":"","meta":[],"_links":{"self":[{"href":"https:\/\/lafermedecamille.com\/index.php?rest_route=\/wp\/v2\/pages\/3094"}],"collection":[{"href":"https:\/\/lafermedecamille.com\/index.php?rest_route=\/wp\/v2\/pages"}],"about":[{"href":"https:\/\/lafermedecamille.com\/index.php?rest_route=\/wp\/v2\/types\/page"}],"author":[{"embeddable":true,"href":"https:\/\/lafermedecamille.com\/index.php?rest_route=\/wp\/v2\/users\/1"}],"replies":[{"embeddable":true,"href":"https:\/\/lafermedecamille.com\/index.php?rest_route=%2Fwp%2Fv2%2Fcomments&post=3094"}],"version-history":[{"count":29,"href":"https:\/\/lafermedecamille.com\/index.php?rest_route=\/wp\/v2\/pages\/3094\/revisions"}],"predecessor-version":[{"id":3577,"href":"https:\/\/lafermedecamille.com\/index.php?rest_route=\/wp\/v2\/pages\/3094\/revisions\/3577"}],"wp:attachment":[{"href":"https:\/\/lafermedecamille.com\/index.php?rest_route=%2Fwp%2Fv2%2Fmedia&parent=3094"}],"curies":[{"name":"wp","href":"https:\/\/api.w.org\/{rel}","templated":true}]}}